{"id":3437,"date":"2015-09-21T13:04:17","date_gmt":"2015-09-21T11:04:17","guid":{"rendered":"http:\/\/bvl07.lima-city.de\/v2\/wordpress\/?page_id=3437"},"modified":"2020-07-05T17:06:53","modified_gmt":"2020-07-05T15:06:53","slug":"unser-sportplatz","status":"publish","type":"page","link":"https:\/\/bvl07.lima-city.de\/v2\/wordpress\/?page_id=3437","title":{"rendered":"Unser Sportplatz"},"content":{"rendered":"<h2>Adresse:<\/h2>\n<p>Sportplatz am Volkspark (Hohe Eiche)<br \/>\n44892 Bochum<\/p>\n<p>bvlangendreer07@web.de<\/p>\n<hr \/>\n<p><img decoding=\"async\" src=\"http:\/\/bvl07.lima-city.de\/v2\/images\/allgemein\/sportplatz.jpg\" alt=\"\" \/><\/p>\n<hr \/>\n<h2><\/h2>\n<h2>Anfahrtsbeschreibung<\/h2>\n<table class=\"content\" border=\"0\" cellspacing=\"0\" cellpadding=\"0\">\n<tbody>\n<tr>\n<td><b>A44 Abfahrt Witten-Zentrum<br \/>\n<\/b>Richtung Langendreer (B232) 1.Stra\u00dfe links in die Stiftstr., im Kreisverkehr 2.Stra\u00dfe raus und dem Stra\u00dfenverlauf folgen. Nach der Kirche 1.Stra\u00dfe rechts in die Hohe Eiche. Der Sportplatz befindet sich nach ca. 200 m auf der rechten Seite.<\/td>\n<\/tr>\n<tr>\n<td><b>A40 Abfahrt Bo.-Werne (Ruhrpark)<br \/>\n<\/b>Richtung Werne\/Langendreer dem Stra\u00dfenverlauf folgen, dann 2.Stra\u00dfe nach der S-Bahn bzw. Eisenbahnunterf\u00fchrung links in die Hohe Eiche. Der Sportplatz befindet sich nach ca. 200 m auf der rechten Seite.<\/td>\n<\/tr>\n<tr>\n<td><b>Bushaltestelle &#8222;Wittenbergstr.&#8220; Linie 355 &amp; Linie 364<br \/>\n<\/b>Auf der Alten Bahnhofstr. in Richtung Norden nach ca. 100m rechts in die Hohe Eiche<\/td>\n<\/tr>\n<tr>\n<td><b>S-Bahn (S1) &#8222;Langendreer West&#8220;<br \/>\n<\/b>Ausgang L\u00fcnsender Str. benutzen auf der L\u00fcnsenderstr. in Richtung S\u00fcden nach ca. 300m links in die Hohe Eiche<\/td>\n<\/tr>\n<\/tbody>\n<\/table>\n","protected":false},"excerpt":{"rendered":"<p>Adresse: Sportplatz am Volkspark (Hohe Eiche) 44892 Bochum bvlangendreer07@web.de Anfahrtsbeschreibung A44 Abfahrt Witten-Zentrum Richtung Langendreer (B232) 1.Stra\u00dfe links in die Stiftstr., im Kreisverkehr 2.Stra\u00dfe raus [&#8230;]<\/p>\n","protected":false},"author":3,"featured_media":0,"parent":0,"menu_order":0,"comment_status":"closed","ping_status":"closed","template":"","meta":{"footnotes":""},"class_list":["post-3437","page","type-page","status-publish","hentry"],"_links":{"self":[{"href":"https:\/\/bvl07.lima-city.de\/v2\/wordpress\/index.php?rest_route=\/wp\/v2\/pages\/3437","targetHints":{"allow":["GET"]}}],"collection":[{"href":"https:\/\/bvl07.lima-city.de\/v2\/wordpress\/index.php?rest_route=\/wp\/v2\/pages"}],"about":[{"href":"https:\/\/bvl07.lima-city.de\/v2\/wordpress\/index.php?rest_route=\/wp\/v2\/types\/page"}],"author":[{"embeddable":true,"href":"https:\/\/bvl07.lima-city.de\/v2\/wordpress\/index.php?rest_route=\/wp\/v2\/users\/3"}],"replies":[{"embeddable":true,"href":"https:\/\/bvl07.lima-city.de\/v2\/wordpress\/index.php?rest_route=%2Fwp%2Fv2%2Fcomments&post=3437"}],"version-history":[{"count":8,"href":"https:\/\/bvl07.lima-city.de\/v2\/wordpress\/index.php?rest_route=\/wp\/v2\/pages\/3437\/revisions"}],"predecessor-version":[{"id":6177,"href":"https:\/\/bvl07.lima-city.de\/v2\/wordpress\/index.php?rest_route=\/wp\/v2\/pages\/3437\/revisions\/6177"}],"wp:attachment":[{"href":"https:\/\/bvl07.lima-city.de\/v2\/wordpress\/index.php?rest_route=%2Fwp%2Fv2%2Fmedia&parent=3437"}],"curies":[{"name":"wp","href":"https:\/\/api.w.org\/{rel}","templated":true}]}}